{"id":130,"date":"2020-09-08T09:32:16","date_gmt":"2020-09-08T07:32:16","guid":{"rendered":"https:\/\/lodzie-aluminiowe.pl\/?page_id=130"},"modified":"2020-09-08T09:32:16","modified_gmt":"2020-09-08T07:32:16","slug":"gomar-600h","status":"publish","type":"page","link":"https:\/\/lodzie-aluminiowe.pl\/index.php\/gomar-600h\/","title":{"rendered":"GOMAR 600H"},"content":{"rendered":"<div class=\"ui-row row\">\n <div   class=\"ui-column span6\"><div class=\"ui--title ui--animation ui--title-bordered text-left\"><div class=\"ui--title-holder\"><h2 class=\"ui--title-text\" style=\"color: #da0000 !important;\">GOMAR 450<\/h2><div class=\"ui--title-borders ui--title-border-left\"><\/div><div class=\"ui--title-borders ui--title-border-right\"><\/div><\/div><\/div><div class=\"auto-format ui--animation\"><p>Chc\u0105c sprosta\u0107 wszelkim wymaganiom naszych klient\u00f3w podj\u0119li\u015bmy wsp\u00f3\u0142prac\u0119 z najlepszymi firmami polskimi jak i zagranicznymi, kt\u00f3re wyposa\u017caj\u0105 \u0142odzie tak , aby nasi klienci mieli mo\u017cliwo\u015b\u0107 odebrania kompletnej \u0142\u00f3dki gotowej do p\u0142ywania.<\/p>\n<p>\n<table id=\"tablepress-4\" class=\"tablepress tablepress-id-4\">\n<thead>\n<tr class=\"row-1 odd\">\n\t<th class=\"column-1\">GOMAR 600H SPECYFIKACJA TECHNICZNA<\/th><th class=\"column-2\">&nbsp;<\/th>\n<\/tr>\n<\/thead>\n<tbody class=\"row-hover\">\n<tr class=\"row-2 even\">\n\t<td class=\"column-1\">D\u0142ugo\u015b\u0107<\/td><td class=\"column-2\"><center>600cm<\/center><\/td>\n<\/tr>\n<tr class=\"row-3 odd\">\n\t<td class=\"column-1\">Szeroko\u015b\u0107<\/td><td class=\"column-2\"><center>215cm<\/center><\/td>\n<\/tr>\n<tr class=\"row-4 even\">\n\t<td class=\"column-1\">Waga<\/td><td class=\"column-2\"><center>775kg<\/center><\/td>\n<\/tr>\n<tr class=\"row-5 odd\">\n\t<td class=\"column-1\">Liczba pasa\u017cer\u00f3w<\/td><td class=\"column-2\"><center>7<\/center><\/td>\n<\/tr>\n<tr class=\"row-6 even\">\n\t<td class=\"column-1\">Maksymalne dodatkowe obci\u0105\u017cenie<\/td><td class=\"column-2\"><center>700kg<\/center><\/td>\n<\/tr>\n<tr class=\"row-7 odd\">\n\t<td class=\"column-1\">Max. moc silnika<\/td><td class=\"column-2\"><center>200hp<\/center><\/td>\n<\/tr>\n<tr class=\"row-8 even\">\n\t<td class=\"column-1\">Kategoria projektowa<\/td><td class=\"column-2\"><center>C<\/center><\/td>\n<\/tr>\n<\/tbody>\n<\/table>\n<!-- #tablepress-4 from cache --><\/p>\n<\/div><div class=\"ui--title ui--animation ui--title-bordered text-left\"><div class=\"ui--title-holder\"><h4 class=\"ui--title-text\" style=\"color: #da0000 !important;\">STANDARDOWE WYPOSA\u017bENIE<\/h4><div class=\"ui--title-borders ui--title-border-left\"><\/div><div class=\"ui--title-borders ui--title-border-right\"><\/div><\/div><\/div><div class=\"ui-row row\">\n <div   class=\"ui-column span6\"><div class=\"auto-format ui--animation\"><ul>\n<li>Konsola sterownicza<\/li>\n<li>Owiewka z relingiem<\/li>\n<li>Drabinka<\/li>\n<li>Relingi w dowolnej konfiguracji<\/li>\n<li>Knagi aluminiowe 4 szt<\/li>\n<li>masywna gumowa odbojnica,<\/li>\n<\/ul>\n<\/div><\/div> \n\n <div   class=\"ui-column span6\"><div class=\"auto-format ui--animation\"><ul>\n<li>przek\u0142adnia + steroci\u0105g<\/li>\n<li>kierownica,<\/li>\n<li>ucho do zaczepu przyczepy,<\/li>\n<li>zamykana bakista rufowa i dziobowa<\/li>\n<li>przej\u015bcia na kable pod pok\u0142adem<\/li>\n<\/ul>\n<\/div><\/div> \n\n<\/div> \n<div class=\"ui--title ui--animation ui--title-bordered text-left\"><div class=\"ui--title-holder\"><h4 class=\"ui--title-text\" style=\"color: #da0000 !important;\">DODATKOWE WYPOSA\u017bENIE<\/h4><div class=\"ui--title-borders ui--title-border-left\"><\/div><div class=\"ui--title-borders ui--title-border-right\"><\/div><\/div><\/div><div class=\"auto-format ui--animation\"><ul>\n<li>spoiler<\/li>\n<li>aluminiowy zbiornik paliwa ( stosowany w \u0142odziach 6\/7m)<\/li>\n<li>drzwi w burcie<\/li>\n<li>uchwyt na narty wodne<\/li>\n<li>tylne podesty<\/li>\n<\/ul>\n<p>I wiele innych dodatk\u00f3w w zale\u017cno\u015bci od wymaga\u0144 klienta.<\/p>\n<\/div><\/div> \n\n <div   class=\"ui-column span6\"><div class=\"ui--image-wrap clearfix\"><img  id=\"ui--image-1\" class=\"ui--image ui--animation\" src=\"https:\/\/lodzie-aluminiowe.pl\/wp-content\/uploads\/2021\/02\/20160715_143229-scaled.jpg\" alt=\"20160715_143229\" title=\"20160715_143229\" data-at2x=\"\"\/><\/div><div  class=\"ui--space clearfix\" data-responsive=\"{&quot;css&quot;:{&quot;height&quot;:{&quot;phone&quot;:null,&quot;tablet&quot;:null,&quot;widescreen&quot;:null}}}\"><\/div><div id=\"ui--gallery-1\" class=\"ui--gallery ui--pass\" data-columns=\"5\"><div class=\"unstyled-all clearfix ui--gallery-wrapper columns-5 \"><div class=\"ui-fluid-columns ui-fluid-columns-5 ui-row row\">\n <div   class=\"ui-column ui-fluid-column\"><div class=\"ui--gallery-item ui--animation\"><div class=\"inner\"><a href=\"https:\/\/lodzie-aluminiowe.pl\/wp-content\/uploads\/2021\/02\/600h-2.jpg\" target=\"_blank\" data-rel=\"prettyPhoto[ui--gallery-1]\"><img src=\"https:\/\/lodzie-aluminiowe.pl\/wp-content\/uploads\/2021\/02\/600h-2-500x500.jpg\" class=\"\" alt=\"GOMAR 600H\"\/><div class=\"ui--gallery-overlay\"><div class=\"center\"><span class=\"btn btn-normal btn-icon-left btn-primary ui--animation\" href=\"#\" style=\"\"><i class=\"ui--icon fontawesome-fullscreen\"><\/i><\/span> <\/div><\/div><\/a><\/div><\/div><\/div> \n\n <div   class=\"ui-column ui-fluid-column\"><div class=\"ui--gallery-item ui--animation\"><div class=\"inner\"><a href=\"https:\/\/lodzie-aluminiowe.pl\/wp-content\/uploads\/2021\/02\/600-h-3.jpg\" target=\"_blank\" data-rel=\"prettyPhoto[ui--gallery-1]\"><img src=\"https:\/\/lodzie-aluminiowe.pl\/wp-content\/uploads\/2021\/02\/600-h-3-500x500.jpg\" class=\"\" alt=\"GOMAR 600H\"\/><div class=\"ui--gallery-overlay\"><div class=\"center\"><span class=\"btn btn-normal btn-icon-left btn-primary ui--animation\" href=\"#\" style=\"\"><i class=\"ui--icon fontawesome-fullscreen\"><\/i><\/span> <\/div><\/div><\/a><\/div><\/div><\/div> \n\n <div   class=\"ui-column ui-fluid-column\"><div class=\"ui--gallery-item ui--animation\"><div class=\"inner\"><a href=\"https:\/\/lodzie-aluminiowe.pl\/wp-content\/uploads\/2021\/02\/600-h-4.jpg\" target=\"_blank\" data-rel=\"prettyPhoto[ui--gallery-1]\"><img src=\"https:\/\/lodzie-aluminiowe.pl\/wp-content\/uploads\/2021\/02\/600-h-4-500x500.jpg\" class=\"\" alt=\"GOMAR 600H\"\/><div class=\"ui--gallery-overlay\"><div class=\"center\"><span class=\"btn btn-normal btn-icon-left btn-primary ui--animation\" href=\"#\" style=\"\"><i class=\"ui--icon fontawesome-fullscreen\"><\/i><\/span> <\/div><\/div><\/a><\/div><\/div><\/div> \n\n <div   class=\"ui-column ui-fluid-column\"><div class=\"ui--gallery-item ui--animation\"><div class=\"inner\"><a href=\"https:\/\/lodzie-aluminiowe.pl\/wp-content\/uploads\/2021\/02\/20160715_143229-1-scaled.jpg\" target=\"_blank\" data-rel=\"prettyPhoto[ui--gallery-1]\"><img src=\"https:\/\/lodzie-aluminiowe.pl\/wp-content\/uploads\/2021\/02\/20160715_143229-1-scaled-500x500.jpg\" class=\"\" alt=\"GOMAR 600H\"\/><div class=\"ui--gallery-overlay\"><div class=\"center\"><span class=\"btn btn-normal btn-icon-left btn-primary ui--animation\" href=\"#\" style=\"\"><i class=\"ui--icon fontawesome-fullscreen\"><\/i><\/span> <\/div><\/div><\/a><\/div><\/div><\/div> \n\n <div   class=\"ui-column ui-fluid-column last\"><div class=\"ui--gallery-item ui--animation\"><div class=\"inner\"><a href=\"https:\/\/lodzie-aluminiowe.pl\/wp-content\/uploads\/2021\/02\/IMG_0727-scaled.jpg\" target=\"_blank\" data-rel=\"prettyPhoto[ui--gallery-1]\"><img src=\"https:\/\/lodzie-aluminiowe.pl\/wp-content\/uploads\/2021\/02\/IMG_0727-scaled-500x500.jpg\" class=\"\" alt=\"GOMAR 600H\"\/><div class=\"ui--gallery-overlay\"><div class=\"center\"><span class=\"btn btn-normal btn-icon-left btn-primary ui--animation\" href=\"#\" style=\"\"><i class=\"ui--icon fontawesome-fullscreen\"><\/i><\/span> <\/div><\/div><\/a><\/div><\/div><\/div> \n\n<\/div> \n<div class=\"ui-fluid-columns ui-fluid-columns-5 ui-row row\">\n <div   class=\"ui-column ui-fluid-column\"><div class=\"ui--gallery-item ui--animation\"><div class=\"inner\"><a href=\"https:\/\/lodzie-aluminiowe.pl\/wp-content\/uploads\/2021\/02\/produktbiklede.jpg\" target=\"_blank\" data-rel=\"prettyPhoto[ui--gallery-1]\"><img src=\"https:\/\/lodzie-aluminiowe.pl\/wp-content\/uploads\/2021\/02\/produktbiklede-500x500.jpg\" class=\"\" alt=\"GOMAR 600H\"\/><div class=\"ui--gallery-overlay\"><div class=\"center\"><span class=\"btn btn-normal btn-icon-left btn-primary ui--animation\" href=\"#\" style=\"\"><i class=\"ui--icon fontawesome-fullscreen\"><\/i><\/span> <\/div><\/div><\/a><\/div><\/div><\/div> \n\n <div   class=\"ui-column ui-fluid-column\"><div class=\"ui--gallery-item ui--animation\"><div class=\"inner\"><a href=\"https:\/\/lodzie-aluminiowe.pl\/wp-content\/uploads\/2021\/02\/WP_000478-scaled.jpg\" target=\"_blank\" data-rel=\"prettyPhoto[ui--gallery-1]\"><img src=\"https:\/\/lodzie-aluminiowe.pl\/wp-content\/uploads\/2021\/02\/WP_000478-scaled-500x500.jpg\" class=\"\" alt=\"GOMAR 600H\"\/><div class=\"ui--gallery-overlay\"><div class=\"center\"><span class=\"btn btn-normal btn-icon-left btn-primary ui--animation\" href=\"#\" style=\"\"><i class=\"ui--icon fontawesome-fullscreen\"><\/i><\/span> <\/div><\/div><\/a><\/div><\/div><\/div> \n\n <div   class=\"ui-column ui-fluid-column\"><div class=\"ui--gallery-item ui--animation\"><div class=\"inner\"><a href=\"https:\/\/lodzie-aluminiowe.pl\/wp-content\/uploads\/2021\/02\/WP_000482-scaled.jpg\" target=\"_blank\" data-rel=\"prettyPhoto[ui--gallery-1]\"><img src=\"https:\/\/lodzie-aluminiowe.pl\/wp-content\/uploads\/2021\/02\/WP_000482-scaled-500x500.jpg\" class=\"\" alt=\"GOMAR 600H\"\/><div class=\"ui--gallery-overlay\"><div class=\"center\"><span class=\"btn btn-normal btn-icon-left btn-primary ui--animation\" href=\"#\" style=\"\"><i class=\"ui--icon fontawesome-fullscreen\"><\/i><\/span> <\/div><\/div><\/a><\/div><\/div><\/div> \n\n <div   class=\"ui-column ui-fluid-column\"><div class=\"ui--gallery-item ui--animation\"><div class=\"inner\"><a href=\"https:\/\/lodzie-aluminiowe.pl\/wp-content\/uploads\/2021\/02\/WP_000692-scaled.jpg\" target=\"_blank\" data-rel=\"prettyPhoto[ui--gallery-1]\"><img src=\"https:\/\/lodzie-aluminiowe.pl\/wp-content\/uploads\/2021\/02\/WP_000692-scaled-500x500.jpg\" class=\"\" alt=\"GOMAR 600H\"\/><div class=\"ui--gallery-overlay\"><div class=\"center\"><span class=\"btn btn-normal btn-icon-left btn-primary ui--animation\" href=\"#\" style=\"\"><i class=\"ui--icon fontawesome-fullscreen\"><\/i><\/span> <\/div><\/div><\/a><\/div><\/div><\/div> \n\n <div   class=\"ui-column ui-fluid-column last\"><div class=\"ui--gallery-item ui--animation\"><div class=\"inner\"><a href=\"https:\/\/lodzie-aluminiowe.pl\/wp-content\/uploads\/2021\/02\/WP_000706-scaled.jpg\" target=\"_blank\" data-rel=\"prettyPhoto[ui--gallery-1]\"><img src=\"https:\/\/lodzie-aluminiowe.pl\/wp-content\/uploads\/2021\/02\/WP_000706-scaled-500x500.jpg\" class=\"\" alt=\"GOMAR 600H\"\/><div class=\"ui--gallery-overlay\"><div class=\"center\"><span class=\"btn btn-normal btn-icon-left btn-primary ui--animation\" href=\"#\" style=\"\"><i class=\"ui--icon fontawesome-fullscreen\"><\/i><\/span> <\/div><\/div><\/a><\/div><\/div><\/div> \n\n<\/div> \n<\/div><div class=\"clearfix\"><\/div><\/div><\/div> \n\n<\/div> \n<div class=\"ui--client-list-wrapper ui--animation ui-row clearfix\" style=\"margin-top: 10px;  margin-bottom: 10px;\"><div class=\"ui--client-list ui--box ui-row clearfix ui--carousel\" data-options=\"{&quot;effect&quot;:&quot;slide&quot;,&quot;auto_rotate&quot;:&quot;1&quot;,&quot;animation_loop&quot;:&quot;0&quot;,&quot;rotate_time&quot;:0,&quot;arrows&quot;:true,&quot;disable_on_mobile&quot;:false}\"><div class=\"slides\"><div class=\"ui-fluid-columns ui-fluid-columns-7 ui-row row\">\n <div   class=\"ui-column ui-fluid-column\"><div class=\"ui--client ui--carousel-item\"><img src=\"https:\/\/lodzie-aluminiowe.pl\/wp-content\/uploads\/2020\/09\/raymarine.jpg\" alt=\"\" title=\"\" class=\"ui--animation\"><\/div><div class=\"vertical-divider\"><\/div><\/div> \n\n <div   class=\"ui-column ui-fluid-column\"><div class=\"ui--client ui--carousel-item\"><img src=\"https:\/\/lodzie-aluminiowe.pl\/wp-content\/uploads\/2020\/09\/suzuki.jpg\" alt=\"\" title=\"\" class=\"ui--animation\"><\/div><div class=\"vertical-divider\"><\/div><\/div> \n\n <div   class=\"ui-column ui-fluid-column\"><div class=\"ui--client ui--carousel-item\"><img src=\"https:\/\/lodzie-aluminiowe.pl\/wp-content\/uploads\/2020\/09\/motorguide.jpg\" alt=\"\" title=\"\" class=\"ui--animation\"><\/div><div class=\"vertical-divider\"><\/div><\/div> \n\n <div   class=\"ui-column ui-fluid-column\"><div class=\"ui--client ui--carousel-item\"><img src=\"https:\/\/lodzie-aluminiowe.pl\/wp-content\/uploads\/2020\/09\/lowrance.jpg\" alt=\"\" title=\"\" class=\"ui--animation\"><\/div><div class=\"vertical-divider\"><\/div><\/div> \n\n <div   class=\"ui-column ui-fluid-column\"><div class=\"ui--client ui--carousel-item\"><img src=\"https:\/\/lodzie-aluminiowe.pl\/wp-content\/uploads\/2020\/09\/minnkota.jpg\" alt=\"\" title=\"\" class=\"ui--animation\"><\/div><div class=\"vertical-divider\"><\/div><\/div> \n\n <div   class=\"ui-column ui-fluid-column\"><div class=\"ui--client ui--carousel-item\"><img src=\"https:\/\/lodzie-aluminiowe.pl\/wp-content\/uploads\/2020\/09\/marcury.jpg\" alt=\"\" title=\"\" class=\"ui--animation\"><\/div><div class=\"vertical-divider\"><\/div><\/div> \n\n <div   class=\"ui-column ui-fluid-column last\"><div class=\"ui--client ui--carousel-item\"><img src=\"https:\/\/lodzie-aluminiowe.pl\/wp-content\/uploads\/2020\/09\/brenderup.jpg\" alt=\"\" title=\"\" class=\"ui--animation\"><\/div><div class=\"vertical-divider\"><\/div><\/div> \n\n<\/div> \n<div class=\"ui-fluid-columns ui-fluid-columns-7 ui-row row\">\n <div   class=\"ui-column ui-fluid-column\"><div class=\"ui--client ui--carousel-item\"><img src=\"https:\/\/lodzie-aluminiowe.pl\/wp-content\/uploads\/2020\/09\/evinrude.jpg\" alt=\"\" title=\"\" class=\"ui--animation\"><\/div><div class=\"vertical-divider\"><\/div><\/div> \n\n <div   class=\"ui-column ui-fluid-column\"><div class=\"ui--client ui--carousel-item\"><img src=\"https:\/\/lodzie-aluminiowe.pl\/wp-content\/uploads\/2020\/09\/honda.jpg\" alt=\"\" title=\"\" class=\"ui--animation\"><\/div><div class=\"vertical-divider\"><\/div><\/div> \n\n<\/div> \n<\/div><\/div><\/div>","protected":false},"excerpt":{"rendered":"<p>GOMAR 450Chc\u0105c sprosta\u0107 wszelkim wymaganiom naszych klient\u00f3w podj\u0119li\u015bmy wsp\u00f3\u0142prac\u0119 z najlepszymi firmami polskimi jak i zagranicznymi, kt\u00f3re wyposa\u017caj\u0105 \u0142odzie tak , aby nasi klienci mieli mo\u017cliwo\u015b\u0107 odebrania kompletnej \u0142\u00f3dki gotowej do p\u0142ywania. GOMAR 600H SPECYFIKACJA TECHNICZNA&nbsp; D\u0142ugo\u015b\u0107600cm Szeroko\u015b\u0107215cm Waga775kg Liczba pasa\u017cer\u00f3w7 Maksymalne dodatkowe obci\u0105\u017cenie700kg Max. moc silnika200hp Kategoria projektowaC STANDARDOWE WYPOSA\u017bENIE Konsola sterownicza Owiewka z [&hellip;]<\/p>\n","protected":false},"author":1,"featured_media":0,"parent":0,"menu_order":0,"comment_status":"closed","ping_status":"closed","template":"","meta":[],"_links":{"self":[{"href":"https:\/\/lodzie-aluminiowe.pl\/index.php\/wp-json\/wp\/v2\/pages\/130"}],"collection":[{"href":"https:\/\/lodzie-aluminiowe.pl\/index.php\/wp-json\/wp\/v2\/pages"}],"about":[{"href":"https:\/\/lodzie-aluminiowe.pl\/index.php\/wp-json\/wp\/v2\/types\/page"}],"author":[{"embeddable":true,"href":"https:\/\/lodzie-aluminiowe.pl\/index.php\/wp-json\/wp\/v2\/users\/1"}],"replies":[{"embeddable":true,"href":"https:\/\/lodzie-aluminiowe.pl\/index.php\/wp-json\/wp\/v2\/comments?post=130"}],"version-history":[{"count":0,"href":"https:\/\/lodzie-aluminiowe.pl\/index.php\/wp-json\/wp\/v2\/pages\/130\/revisions"}],"wp:attachment":[{"href":"https:\/\/lodzie-aluminiowe.pl\/index.php\/wp-json\/wp\/v2\/media?parent=130"}],"curies":[{"name":"wp","href":"https:\/\/api.w.org\/{rel}","templated":true}]}}