{"id":5,"date":"2019-10-14T14:06:19","date_gmt":"2019-10-14T12:06:19","guid":{"rendered":"https:\/\/lodzie-aluminiowe.pl\/?page_id=5"},"modified":"2023-01-31T07:10:21","modified_gmt":"2023-01-31T06:10:21","slug":"home","status":"publish","type":"page","link":"https:\/\/lodzie-aluminiowe.pl\/","title":{"rendered":"HOME"},"content":{"rendered":"<h1 id=\"custom-title-1\" class=\"ui--animation \" style=\"font-size: 41px; line-height: 8px; text-align: center; color: #da0000 !important; margin-top: -35px; \" >JAKO\u015a\u0106 ROBI R\u00d3\u017bNIC\u0118<br \/><h1><center>\u0141ODZIE ALUMINIOWE GOMAR<\/center><\/h1><\/h1><h3 id=\"custom-title-h3-1\" class=\"ui--animation \" style=\"text-align: center; \"><\/h3><div class=\"ui-row row\">\n <div   class=\"ui-column span4\"><div class=\"ui--image-wrap clearfix text-center ui--block\"><a href=\"https:\/\/lodzie-aluminiowe.pl\/index.php\/gomar-sluzby-specjalne\/\"><img  id=\"ui--image-1\" class=\"ui--image ui--animation\" src=\"https:\/\/lodzie-aluminiowe.pl\/wp-content\/uploads\/2021\/02\/straz-glowne2-1.jpg\" alt=\"straz glowne2\" title=\"straz glowne2\" data-at2x=\"\"\/><\/a><\/div><h3 id=\"custom-title-h3-2\" class=\"ui--animation \" style=\"text-align: center; \"><a href=\"https:\/\/lodzie-aluminiowe.pl\/index.php\/gomar-sluzby-specjalne\/\"><strong>GOMAR <span style=\"color: #ff0000;\">STRA\u017b PO\u017bARNA<\/span><\/strong><\/a><\/h3><div class=\"ui-row row\">\n <div   class=\"ui-column span6\"><div class=\"text-right ui--animation\"><a class=\"btn btn-normal btn-block btn-icon-left with-icon button-hover btn-92gyoizh62 btn-custom-color btn-with-border\" href=\"https:\/\/lodzie-aluminiowe.pl\/index.php\/gomar-sluzby-specjalne\/\" style=\"\"><span class=\"button-icon\"><i class=\"ui--icon ui--icon btn-icon icon-normal fontawesome-external-link\" style=\"color: #ffffff !important;\"><\/i><\/span>Wi\u0119cej Informacji<\/a> <\/div><\/div> \n\n <div   class=\"ui-column span6\"><a class=\"btn btn-normal btn-block btn-icon-left with-icon button-hover btn-black ui--animation\" href=\"https:\/\/lodzie-aluminiowe.pl\/index.php\/kontakt\/\" style=\"\"><span class=\"button-icon\"><i class=\"ui--icon ui--icon btn-icon icon-normal fontawesome-phone\" style=\"color: #ffffff !important;\"><\/i><\/span>Kontakt<\/a><\/div> \n\n<\/div><\/div> \n\n <div   class=\"ui-column span4\"><div class=\"ui--image-wrap clearfix text-center ui--block\"><a href=\"https:\/\/lodzie-aluminiowe.pl\/index.php\/gomar-450\/\"><img  id=\"ui--image-2\" class=\"ui--image ui--animation\" src=\"https:\/\/lodzie-aluminiowe.pl\/wp-content\/uploads\/2021\/02\/450-glowne-1.jpg\" alt=\"450 glowne\" title=\"450 glowne\" data-at2x=\"\"\/><\/a><\/div><h3 id=\"custom-title-h3-3\" class=\"ui--animation \" style=\"text-align: center; \"><a href=\"https:\/\/lodzie-aluminiowe.pl\/index.php\/gomar-450\/\"><strong>GOMAR <span style=\"color: #ff0000;\">450<\/span><\/strong><\/a><\/h3><div class=\"ui-row row\">\n <div   class=\"ui-column span6\"><div class=\"text-right ui--animation\"><a class=\"btn btn-normal btn-block btn-icon-left with-icon button-hover btn-92gyoizh62 btn-custom-color btn-with-border\" href=\"https:\/\/lodzie-aluminiowe.pl\/index.php\/gomar-450\/\" style=\"\"><span class=\"button-icon\"><i class=\"ui--icon ui--icon btn-icon icon-normal fontawesome-external-link\" style=\"color: #ffffff !important;\"><\/i><\/span>Wi\u0119cej Informacji<\/a> <\/div><\/div> \n\n <div   class=\"ui-column span6\"><a class=\"btn btn-normal btn-block btn-icon-left with-icon button-hover btn-black ui--animation\" href=\"https:\/\/lodzie-aluminiowe.pl\/index.php\/kontakt\/\" style=\"\"><span class=\"button-icon\"><i class=\"ui--icon ui--icon btn-icon icon-normal fontawesome-phone\" style=\"color: #ffffff !important;\"><\/i><\/span>Kontakt<\/a><\/div> \n\n<\/div><\/div> \n\n <div   class=\"ui-column span4\"><div class=\"ui--image-wrap clearfix text-center ui--block\"><a href=\"https:\/\/lodzie-aluminiowe.pl\/index.php\/gomar-500\/\"><img  id=\"ui--image-3\" class=\"ui--image ui--animation\" src=\"https:\/\/lodzie-aluminiowe.pl\/wp-content\/uploads\/2021\/02\/500-glowne-1.jpg\" alt=\"500 glowne\" title=\"500 glowne\" data-at2x=\"\"\/><\/a><\/div><h3 id=\"custom-title-h3-4\" class=\"ui--animation \" style=\"text-align: center; \"><a href=\"https:\/\/lodzie-aluminiowe.pl\/index.php\/gomar-500\/\"><strong>GOMAR <span style=\"color: #ff0000;\">500<\/span><\/strong><\/a><\/h3><div class=\"ui-row row\">\n <div   class=\"ui-column span6\"><div class=\"text-right ui--animation\"><a class=\"btn btn-normal btn-block btn-icon-left with-icon button-hover btn-92gyoizh62 btn-custom-color btn-with-border\" href=\"https:\/\/lodzie-aluminiowe.pl\/index.php\/gomar-500\/\" style=\"\"><span class=\"button-icon\"><i class=\"ui--icon ui--icon btn-icon icon-normal fontawesome-external-link\" style=\"color: #ffffff !important;\"><\/i><\/span>Wi\u0119cej Informacji<\/a> <\/div><\/div> \n\n <div   class=\"ui-column span6\"><a class=\"btn btn-normal btn-block btn-icon-left with-icon button-hover btn-black ui--animation\" href=\"https:\/\/lodzie-aluminiowe.pl\/index.php\/kontakt\/\" style=\"\"><span class=\"button-icon\"><i class=\"ui--icon ui--icon btn-icon icon-normal fontawesome-phone\" style=\"color: #ffffff !important;\"><\/i><\/span>Kontakt<\/a><\/div> \n\n<\/div><\/div> \n\n<\/div> \n<div  class=\"ui--space clearfix\" data-responsive=\"{&quot;css&quot;:{&quot;height&quot;:{&quot;phone&quot;:null,&quot;tablet&quot;:null,&quot;widescreen&quot;:null}}}\"><\/div><div class=\"ui-row row\">\n <div   class=\"ui-column span4\"><div class=\"ui--image-wrap clearfix text-center ui--block\"><a href=\"https:\/\/lodzie-aluminiowe.pl\/index.php\/gomar-550\/\"><img  id=\"ui--image-4\" class=\"ui--image ui--animation\" src=\"https:\/\/lodzie-aluminiowe.pl\/wp-content\/uploads\/2021\/02\/550-GLOWNE-1.jpg\" alt=\"550 GLOWNE\" title=\"550 GLOWNE\" data-at2x=\"\"\/><\/a><\/div><h3 id=\"custom-title-h3-5\" class=\"ui--animation \" style=\"text-align: center; \"><a href=\"https:\/\/lodzie-aluminiowe.pl\/index.php\/gomar-550\/\"><strong>GOMAR <span style=\"color: #ff0000;\">550<\/span><\/strong><\/a><\/h3><div class=\"ui-row row\">\n <div   class=\"ui-column span6\"><div class=\"text-right ui--animation\"><a class=\"btn btn-normal btn-block btn-icon-left with-icon button-hover btn-92gyoizh62 btn-custom-color btn-with-border\" href=\"https:\/\/lodzie-aluminiowe.pl\/index.php\/gomar-550\/\" style=\"\"><span class=\"button-icon\"><i class=\"ui--icon ui--icon btn-icon icon-normal fontawesome-external-link\" style=\"color: #ffffff !important;\"><\/i><\/span>Wi\u0119cej Informacji<\/a> <\/div><\/div> \n\n <div   class=\"ui-column span6\"><a class=\"btn btn-normal btn-block btn-icon-left with-icon button-hover btn-black ui--animation\" href=\"https:\/\/lodzie-aluminiowe.pl\/index.php\/kontakt\/\" style=\"\"><span class=\"button-icon\"><i class=\"ui--icon ui--icon btn-icon icon-normal fontawesome-phone\" style=\"color: #ffffff !important;\"><\/i><\/span>Kontakt<\/a><\/div> \n\n<\/div><\/div> \n\n <div   class=\"ui-column span4\"><div class=\"ui--image-wrap clearfix text-center ui--block\"><a href=\"https:\/\/lodzie-aluminiowe.pl\/index.php\/gomar-600h\/\"><img  id=\"ui--image-5\" class=\"ui--image ui--animation\" src=\"https:\/\/lodzie-aluminiowe.pl\/wp-content\/uploads\/2021\/02\/g600h.jpg\" alt=\"g600h\" title=\"g600h\" data-at2x=\"\"\/><\/a><\/div><h3 id=\"custom-title-h3-6\" class=\"ui--animation \" style=\"text-align: center; \"><a href=\"https:\/\/lodzie-aluminiowe.pl\/index.php\/gomar-600h\/\"><strong>GOMAR <span style=\"color: #ff0000;\">600H<\/span><\/strong><\/a><\/h3><div class=\"ui-row row\">\n <div   class=\"ui-column span6\"><div class=\"text-right ui--animation\"><a class=\"btn btn-normal btn-block btn-icon-left with-icon button-hover btn-92gyoizh62 btn-custom-color btn-with-border\" href=\"https:\/\/lodzie-aluminiowe.pl\/index.php\/gomar-600h\/\" style=\"\"><span class=\"button-icon\"><i class=\"ui--icon ui--icon btn-icon icon-normal fontawesome-external-link\" style=\"color: #ffffff !important;\"><\/i><\/span>Wi\u0119cej Informacji<\/a> <\/div><\/div> \n\n <div   class=\"ui-column span6\"><a class=\"btn btn-normal btn-block btn-icon-left with-icon button-hover btn-black ui--animation\" href=\"https:\/\/lodzie-aluminiowe.pl\/index.php\/kontakt\/\" style=\"\"><span class=\"button-icon\"><i class=\"ui--icon ui--icon btn-icon icon-normal fontawesome-phone\" style=\"color: #ffffff !important;\"><\/i><\/span>Kontakt<\/a><\/div> \n\n<\/div><\/div> \n\n <div   class=\"ui-column span4\"><div class=\"ui--image-wrap clearfix text-center ui--block\"><a href=\"https:\/\/lodzie-aluminiowe.pl\/index.php\/gomar-600\/\"><img  id=\"ui--image-6\" class=\"ui--image ui--animation\" src=\"https:\/\/lodzie-aluminiowe.pl\/wp-content\/uploads\/2021\/02\/600-glowne-1.jpg\" alt=\"600 glowne\" title=\"600 glowne\" data-at2x=\"\"\/><\/a><\/div><h3 id=\"custom-title-h3-7\" class=\"ui--animation \" style=\"text-align: center; \"><a href=\"https:\/\/lodzie-aluminiowe.pl\/index.php\/gomar-600\/\"><strong>GOMAR <span style=\"color: #ff0000;\">600<\/span><\/strong><\/a><\/h3><div class=\"ui-row row\">\n <div   class=\"ui-column span6\"><div class=\"text-right ui--animation\"><a class=\"btn btn-normal btn-block btn-icon-left with-icon button-hover btn-92gyoizh62 btn-custom-color btn-with-border\" href=\"https:\/\/lodzie-aluminiowe.pl\/index.php\/gomar-600\/\" style=\"\"><span class=\"button-icon\"><i class=\"ui--icon ui--icon btn-icon icon-normal fontawesome-external-link\" style=\"color: #ffffff !important;\"><\/i><\/span>Wi\u0119cej Informacji<\/a> <\/div><\/div> \n\n <div   class=\"ui-column span6\"><a class=\"btn btn-normal btn-block btn-icon-left with-icon button-hover btn-black ui--animation\" href=\"https:\/\/lodzie-aluminiowe.pl\/index.php\/kontakt\/\" style=\"\"><span class=\"button-icon\"><i class=\"ui--icon ui--icon btn-icon icon-normal fontawesome-phone\" style=\"color: #ffffff !important;\"><\/i><\/span>Kontakt<\/a><\/div> \n\n<\/div><\/div> \n\n<\/div> \n<div  class=\"ui--space clearfix\" data-responsive=\"{&quot;css&quot;:{&quot;height&quot;:{&quot;phone&quot;:null,&quot;tablet&quot;:null,&quot;widescreen&quot;:null}}}\"><\/div><div class=\"text-center ui--animation\"><a class=\"btn btn-large btn-icon-left btn-92gyoizh62 btn-custom-color btn-with-border\" href=\"https:\/\/lodzie-aluminiowe.pl\/index.php\/lodzie\/\" style=\"\">Pe\u0142na Oferta \u0141odzi Aluminiowych<\/a> <\/div><div  class=\"ui--space clearfix\" data-responsive=\"{&quot;css&quot;:{&quot;height&quot;:{&quot;phone&quot;:null,&quot;tablet&quot;:null,&quot;widescreen&quot;:null}}}\"><\/div><div  class=\"ui--space clearfix\" data-responsive=\"{&quot;css&quot;:{&quot;height&quot;:{&quot;phone&quot;:null,&quot;tablet&quot;:null,&quot;widescreen&quot;:null}}}\"><\/div><div  class=\"ui--divider ui--animation clearfix ui--divider-solid-line\"><\/div><div class=\"ui-row row\">\n <div   class=\"ui-column span6\"><div  class=\"ui--space clearfix\" data-responsive=\"{&quot;css&quot;:{&quot;height&quot;:{&quot;phone&quot;:null,&quot;tablet&quot;:null,&quot;widescreen&quot;:null}}}\"><\/div><div  class=\"ui--space clearfix\" data-responsive=\"{&quot;css&quot;:{&quot;height&quot;:{&quot;phone&quot;:null,&quot;tablet&quot;:null,&quot;widescreen&quot;:null}}}\"><\/div><h3 id=\"custom-title-h3-8\" class=\"ui--animation \" style=\"\">KR\u00d3TKO O NASZEJ FIRMIE<\/h3><div class=\"auto-format ui--animation\"><p>Nasza firma zajmuje si\u0119 produkcj\u0105 \u0142odzi aluminiowych od 2004 roku. Chc\u0105c sprosta\u0107 wszelkim wymaganiom naszych klient\u00f3w podj\u0119li\u015bmy wsp\u00f3\u0142prac\u0119 z najlepszymi firmami polskimi jak i zagranicznymi, kt\u00f3re wyposa\u017caj\u0105 \u0142odzie tak , aby nasi klienci mieli mo\u017cliwo\u015b\u0107 odebrania kompletnej \u0142\u00f3dki gotowej do p\u0142ywania.<\/p>\n<p>Nasze wieloletnie do\u015bwiadczenie sprawi\u0142o ,i\u017c od samego pocz\u0105tku istnienia firmy stawiamy na jako\u015b\u0107, a nie ilo\u015b\u0107 produkowanych jednostek. Wykonywane przez nas \u0142odzie testowane by\u0142y w najbardziej ekstremalnych warunkach na Grenlandii . Uzyska\u0142y certyfikaty Polskiego Rejestru Statk\u00f3w wed\u0142ug, kt\u00f3rego zosta\u0142y uznane za jedne z najlepiej wykonanych \u0142odzi aluminiowych.<\/p>\n<\/div><\/div> \n\n <div   class=\"ui-column span6\"><div class=\"ui--image-wrap clearfix text-center ui--block\"><img  id=\"ui--image-7\" class=\"ui--image ui--animation\" src=\"https:\/\/lodzie-aluminiowe.pl\/wp-content\/uploads\/2021\/02\/5m...jpg\" alt=\"5m..\" title=\"5m..\" data-at2x=\"\"\/><\/div><\/div> \n\n<\/div> \n<div  class=\"ui--space clearfix\" data-responsive=\"{&quot;css&quot;:{&quot;height&quot;:{&quot;phone&quot;:null,&quot;tablet&quot;:null,&quot;widescreen&quot;:null}}}\"><\/div><div id=\"ui--gallery-1\" class=\"ui--gallery ui--pass\" data-columns=\"4\"><div class=\"unstyled-all clearfix ui--gallery-wrapper columns-4 \"><div class=\"ui-row row\">\n <div   class=\"ui-column span3\"><div class=\"ui--gallery-item ui--animation\"><div class=\"inner\"><a href=\"https:\/\/lodzie-aluminiowe.pl\/wp-content\/uploads\/2021\/02\/1436625032837-1.jpg\" target=\"_blank\" data-rel=\"prettyPhoto[ui--gallery-1]\"><img src=\"https:\/\/lodzie-aluminiowe.pl\/wp-content\/uploads\/2021\/02\/1436625032837-1-500x350.jpg\" class=\"\" alt=\"HOME\"\/><div class=\"ui--gallery-overlay\"><div class=\"center\"><span class=\"btn btn-normal btn-icon-left btn-z5zz99lq3r btn-custom-color btn-with-border ui--animation\" href=\"#\" style=\"\"><i class=\"ui--icon fontawesome-fullscreen\"><\/i><\/span> <\/div><\/div><\/a><\/div><\/div><\/div> \n\n <div   class=\"ui-column span3\"><div class=\"ui--gallery-item ui--animation\"><div class=\"inner\"><a href=\"https:\/\/lodzie-aluminiowe.pl\/wp-content\/uploads\/2021\/02\/600-h-4.jpg\" target=\"_blank\" data-rel=\"prettyPhoto[ui--gallery-1]\"><img src=\"https:\/\/lodzie-aluminiowe.pl\/wp-content\/uploads\/2021\/02\/600-h-4-500x350.jpg\" class=\"\" alt=\"HOME\"\/><div class=\"ui--gallery-overlay\"><div class=\"center\"><span class=\"btn btn-normal btn-icon-left btn-z5zz99lq3r btn-custom-color btn-with-border ui--animation\" href=\"#\" style=\"\"><i class=\"ui--icon fontawesome-fullscreen\"><\/i><\/span> <\/div><\/div><\/a><\/div><\/div><\/div> \n\n <div   class=\"ui-column span3\"><div class=\"ui--gallery-item ui--animation\"><div class=\"inner\"><a href=\"https:\/\/lodzie-aluminiowe.pl\/wp-content\/uploads\/2021\/02\/550-c.jpg\" target=\"_blank\" data-rel=\"prettyPhoto[ui--gallery-1]\"><img src=\"https:\/\/lodzie-aluminiowe.pl\/wp-content\/uploads\/2021\/02\/550-c-500x350.jpg\" class=\"\" alt=\"HOME\"\/><div class=\"ui--gallery-overlay\"><div class=\"center\"><span class=\"btn btn-normal btn-icon-left btn-z5zz99lq3r btn-custom-color btn-with-border ui--animation\" href=\"#\" style=\"\"><i class=\"ui--icon fontawesome-fullscreen\"><\/i><\/span> <\/div><\/div><\/a><\/div><\/div><\/div> \n\n <div   class=\"ui-column span3\"><div class=\"ui--gallery-item ui--animation\"><div class=\"inner\"><a href=\"https:\/\/lodzie-aluminiowe.pl\/wp-content\/uploads\/2021\/02\/40_1996224900_xl.jpg\" target=\"_blank\" data-rel=\"prettyPhoto[ui--gallery-1]\"><img src=\"https:\/\/lodzie-aluminiowe.pl\/wp-content\/uploads\/2021\/02\/40_1996224900_xl-500x350.jpg\" class=\"\" alt=\"HOME\"\/><div class=\"ui--gallery-overlay\"><div class=\"center\"><span class=\"btn btn-normal btn-icon-left btn-z5zz99lq3r btn-custom-color btn-with-border ui--animation\" href=\"#\" style=\"\"><i class=\"ui--icon fontawesome-fullscreen\"><\/i><\/span> <\/div><\/div><\/a><\/div><\/div><\/div> \n\n<\/div> \n<\/div><div class=\"clearfix\"><\/div><\/div>","protected":false},"excerpt":{"rendered":"<p>JAKO\u015a\u0106 ROBI R\u00d3\u017bNIC\u0118\u0141ODZIE ALUMINIOWE GOMAR GOMAR STRA\u017b PO\u017bARNA Wi\u0119cej Informacji Kontakt GOMAR 450 Wi\u0119cej Informacji Kontakt GOMAR 500 Wi\u0119cej Informacji Kontakt GOMAR 550 Wi\u0119cej Informacji Kontakt GOMAR 600H Wi\u0119cej Informacji Kontakt GOMAR 600 Wi\u0119cej Informacji Kontakt Pe\u0142na Oferta \u0141odzi Aluminiowych KR\u00d3TKO O NASZEJ FIRMIENasza firma zajmuje si\u0119 produkcj\u0105 \u0142odzi aluminiowych od 2004 roku. Chc\u0105c sprosta\u0107 [&hellip;]<\/p>\n","protected":false},"author":1,"featured_media":0,"parent":0,"menu_order":0,"comment_status":"closed","ping_status":"closed","template":"","meta":[],"_links":{"self":[{"href":"https:\/\/lodzie-aluminiowe.pl\/index.php\/wp-json\/wp\/v2\/pages\/5"}],"collection":[{"href":"https:\/\/lodzie-aluminiowe.pl\/index.php\/wp-json\/wp\/v2\/pages"}],"about":[{"href":"https:\/\/lodzie-aluminiowe.pl\/index.php\/wp-json\/wp\/v2\/types\/page"}],"author":[{"embeddable":true,"href":"https:\/\/lodzie-aluminiowe.pl\/index.php\/wp-json\/wp\/v2\/users\/1"}],"replies":[{"embeddable":true,"href":"https:\/\/lodzie-aluminiowe.pl\/index.php\/wp-json\/wp\/v2\/comments?post=5"}],"version-history":[{"count":4,"href":"https:\/\/lodzie-aluminiowe.pl\/index.php\/wp-json\/wp\/v2\/pages\/5\/revisions"}],"predecessor-version":[{"id":560,"href":"https:\/\/lodzie-aluminiowe.pl\/index.php\/wp-json\/wp\/v2\/pages\/5\/revisions\/560"}],"wp:attachment":[{"href":"https:\/\/lodzie-aluminiowe.pl\/index.php\/wp-json\/wp\/v2\/media?parent=5"}],"curies":[{"name":"wp","href":"https:\/\/api.w.org\/{rel}","templated":true}]}}